{"id":362,"date":"2021-07-20T20:15:24","date_gmt":"2021-07-20T20:15:24","guid":{"rendered":"https:\/\/www.cardspot.hu\/?page_id=362"},"modified":"2021-07-20T20:47:31","modified_gmt":"2021-07-20T20:47:31","slug":"adatvedelmi-nyilatkozat","status":"publish","type":"page","link":"https:\/\/www.cardspot.hu\/hu\/adatvedelmi-nyilatkozat\/","title":{"rendered":"Adatv\u00e9delmi nyilatkozat"},"content":{"rendered":"\n<h2 class=\"wp-block-heading\">1. Adatkezel\u0151<\/h2>\n\n\n\n<ul class=\"wp-block-list\"><li>Az adatok kezel\u0151je: CARDSPOT Kft.<\/li><li>Sz\u00e9khely\/post\u00e1z\u00e1si c\u00edm: 1151 Budapest, Szlacs\u00e1nyi u. 42.<\/li><li>Ad\u00f3sz\u00e1m: 26643898-2-42<\/li><li>Kapcsolat:&nbsp;info kukac cardspot pont hu<\/li><li>Nyilv\u00e1ntart\u00e1si sz\u00e1m: Cg. 01-09-336857<\/li><li>Statisztikai sz\u00e1mjel: 26643898<\/li><\/ul>\n\n\n\n<h2 class=\"wp-block-heading\">2. Milyen adatokat kezel\u00fcnk?<\/h2>\n\n\n\n<p><strong>Google Analytics.<\/strong>&nbsp;A honlap b\u00f6ng\u00e9sz\u00e9sekor minden l\u00e1togat\u00f3 anonim m\u00f3don egyedi azonos\u00edt\u00f3t kap, amellyel a Google Analytics a szem\u00e9lyes adatokt\u00f3l f\u00fcggetlen\u00fcl, statisztikai c\u00e9llal felveszi a l\u00e1togat\u00e1s kezd\u0151- illetve befejez\u0151 id\u0151pontj\u00e1t \u00e9s a l\u00e1togatott oldalakat. Err\u0151l a gyakorlatr\u00f3l minden \u00faj l\u00e1togat\u00f3 az els\u0151 oldallet\u00f6lt\u00e9s alkalm\u00e1val t\u00e1j\u00e9koztat\u00e1sban, valamint az Adatv\u00e9delmi Nyilatkozathoz hozz\u00e1f\u00e9r\u00e9sben r\u00e9szes\u00fcl.<\/p>\n\n\n\n<p><strong>\u00dczenet k\u00fcld\u00e9s a Kapcsolat oldalon kereszt\u00fcl.&nbsp;<\/strong>A honlapon tal\u00e1lhat\u00f3 kapcsolatfelv\u00e9teli \u0171rlapok c\u00e9lja az online kapcsolatfelv\u00e9teli lehet\u0151s\u00e9g biztos\u00edt\u00e1sa. Az \u0171rlapokon nevet, telefonsz\u00e1mot \u00e9s email c\u00edmet k\u00e9r\u00fcnk megadni. Ezeket az adatokat hozz\u00e1j\u00e1rul\u00e1s alapj\u00e1n kezelj\u00fck.<\/p>\n\n\n\n<h2 class=\"wp-block-heading\">3. Mi\u00e9rt kezelj\u00fck az adatokat?<\/h2>\n\n\n\n<p>A szem\u00e9lyes adatok kezel\u00e9s\u00e9nek c\u00e9lja<\/p>\n\n\n\n<ul class=\"wp-block-list\"><li>hogy kapcsolatot tartsunk a l\u00e1togat\u00f3kkal;<\/li><li>hogy m\u00e9rj\u00fck a felhaszn\u00e1l\u00f3k el\u00e9gedetts\u00e9g\u00e9t.<\/li><\/ul>\n\n\n\n<p>A Google Analytics \u00e1ltal haszn\u00e1lt adatok anonimak. Minden megadott adatot bizalmasan kezel\u00fcnk, \u00e9s harmadik f\u00e9l sz\u00e1m\u00e1ra semmilyen k\u00f6r\u00fclm\u00e9nyek k\u00f6z\u00f6tt nem adjuk ki.<\/p>\n\n\n\n<h2 class=\"wp-block-heading\">4. Az adatkezel\u00e9s id\u0151tartama<\/h2>\n\n\n\n<p>A Google Analytics \u00e1ltal l\u00e9trehozott cookiek 30 napig \u00e9rv\u00e9nyesek, a session ID-k a honlap elhagy\u00e1sakor t\u00f6rl\u0151dnek. A felhaszn\u00e1l\u00f3 \u00e1ltal megadott adatokat k\u00e9r\u00e9s eset\u00e9n 10 munkanapon bel\u00fcl t\u00f6r\u00f6lj\u00fck. Ezt az ig\u00e9nyt a jelen adatv\u00e9delmi nyilatkozat tetej\u00e9n l\u00e9v\u0151 e-mail c\u00edmre \u00fczenve lehet bejelenteni.<\/p>\n\n\n\n<h2 class=\"wp-block-heading\">5. Az adatfeldolgoz\u00f3k k\u00f6re<\/h2>\n\n\n\n<p>A felhaszn\u00e1l\u00f3i adatokhoz csak az adatkezel\u0151 f\u00e9r hozz\u00e1.<\/p>\n\n\n\n<p>Az adatkezel\u0151 ezen k\u00edv\u00fcl egyed\u00fcl t\u00f6rv\u00e9nyi k\u00f6teless\u00e9gb\u0151l tov\u00e1bb\u00edtja a felhaszn\u00e1l\u00f3k adatait az ig\u00e9nyl\u0151 hat\u00f3s\u00e1gnak.<\/p>\n\n\n\n<h2 class=\"wp-block-heading\">6. Az adatkezel\u00e9si szab\u00e1lyozat jogalapja<\/h2>\n\n\n\n<p>Az adatkezel\u00e9s a felhaszn\u00e1l\u00f3 j\u00f3v\u00e1hagy\u00e1s\u00e1val t\u00f6rt\u00e9nik, ez a jogalap. A felhaszn\u00e1l\u00f3 az adatkezel\u0151 \u00e1ltal kezelt adatokr\u00f3l, \u00e9s annak m\u00f3dj\u00e1r\u00f3l a jelen adatv\u00e9delmi nyilatkozat tetej\u00e9n l\u00e9v\u0151 e-mail c\u00edmen ezen adatkezel\u00e9si nyilatkozat tartalm\u00e1n t\u00fal tov\u00e1bbi t\u00e1j\u00e9koztat\u00e1st k\u00e9rhet.<\/p>\n\n\n\n<h2 class=\"wp-block-heading\">7. Jogorvoslati lehet\u0151s\u00e9g \u00e9s hat\u00e1lyos t\u00f6rv\u00e9nyek<\/h2>\n\n\n\n<p>Amennyiben a felhaszn\u00e1l\u00f3 \u00fagy \u00e9rzi, hogy a szem\u00e9lyes adatokat nem az itt megjel\u00f6ltek szerint vagy a hat\u00e1lyos t\u00f6rv\u00e9nynek megfelel\u0151en kezelj\u00fck, jogait az adatv\u00e9delmi biztosn\u00e1l vagy polg\u00e1ri b\u00edr\u00f3s\u00e1gon \u00e9rv\u00e9nyes\u00edtheti, tov\u00e1bb\u00e1 a Nemzeti Adatv\u00e9delmi \u00e9s Inform\u00e1ci\u00f3szabads\u00e1g Hat\u00f3s\u00e1ghoz fordulhat.<\/p>\n\n\n\n<p>A adatv\u00e9delemi szab\u00e1lyokr\u00f3l az al\u00e1bbi t\u00f6rv\u00e9nyekben t\u00e1j\u00e9koz\u00f3dhat.<\/p>\n\n\n\n<ul class=\"wp-block-list\"><li>A szem\u00e9lyes adatok v\u00e9delm\u00e9r\u0151l \u00e9s a k\u00f6z\u00e9rdek\u0171 adatok nyilv\u00e1noss\u00e1g\u00e1r\u00f3l sz\u00f3l\u00f3 1992. \u00e9vi LXIII. t\u00f6rv\u00e9ny<\/li><li>Az egy\u00e9nek v\u00e9delm\u00e9r\u0151l a szem\u00e9lyes adatok g\u00e9pi feldolgoz\u00e1sa sor\u00e1n sz\u00f3l\u00f3 1998. \u00e9vi VI. t\u00f6rv\u00e9ny<\/li><li>Az inform\u00e1ci\u00f3s \u00f6nrendelkez\u00e9si jogr\u00f3l \u00e9s az inform\u00e1ci\u00f3szabads\u00e1gr\u00f3l sz\u00f3l\u00f3 2011. \u00e9vi CXII. t\u00f6rv\u00e9ny<\/li><\/ul>\n","protected":false},"excerpt":{"rendered":"<p>1. Adatkezel\u0151 Az adatok kezel\u0151je: CARDSPOT Kft. Sz\u00e9khely\/post\u00e1z\u00e1si c\u00edm: 1151 Budapest, Szlacs\u00e1nyi u. 42. Ad\u00f3sz\u00e1m: 26643898-2-42 Kapcsolat:&nbsp;info kukac cardspot pont hu Nyilv\u00e1ntart\u00e1si sz\u00e1m: Cg. 01-09-336857 Statisztikai sz\u00e1mjel: 26643898 2. Milyen adatokat kezel\u00fcnk? Google Analytics.&nbsp;A honlap b\u00f6ng\u00e9sz\u00e9sekor minden l\u00e1togat\u00f3 anonim m\u00f3don egyedi azonos\u00edt\u00f3t kap, amellyel a Google Analytics a szem\u00e9lyes adatokt\u00f3l f\u00fcggetlen\u00fcl, statisztikai c\u00e9llal felveszi a [&hellip;]<\/p>\n","protected":false},"author":2,"featured_media":0,"parent":0,"menu_order":0,"comment_status":"closed","ping_status":"open","template":"","meta":{"_genesis_hide_title":false,"_genesis_hide_breadcrumbs":false,"_genesis_hide_singular_image":false,"_genesis_hide_footer_widgets":false,"_genesis_custom_body_class":"","_genesis_custom_post_class":"","_genesis_layout":"","footnotes":""},"class_list":{"0":"post-362","1":"page","2":"type-page","3":"status-publish","5":"entry"},"yoast_head":"<!-- This site is optimized with the Yoast SEO plugin v27.4 - https:\/\/yoast.com\/product\/yoast-seo-wordpress\/ -->\n<title>Adatv\u00e9delmi nyilatkozat - Cardspot<\/title>\n<meta name=\"robots\" content=\"index, follow, max-snippet:-1, max-image-preview:large, max-video-preview:-1\" \/>\n<link rel=\"canonical\" href=\"https:\/\/www.cardspot.hu\/hu\/adatvedelmi-nyilatkozat\/\" \/>\n<meta property=\"og:locale\" content=\"hu_HU\" \/>\n<meta property=\"og:type\" content=\"article\" \/>\n<meta property=\"og:title\" content=\"Adatv\u00e9delmi nyilatkozat - Cardspot\" \/>\n<meta property=\"og:description\" content=\"1. Adatkezel\u0151 Az adatok kezel\u0151je: CARDSPOT Kft. Sz\u00e9khely\/post\u00e1z\u00e1si c\u00edm: 1151 Budapest, Szlacs\u00e1nyi u. 42. Ad\u00f3sz\u00e1m: 26643898-2-42 Kapcsolat:&nbsp;info kukac cardspot pont hu Nyilv\u00e1ntart\u00e1si sz\u00e1m: Cg. 01-09-336857 Statisztikai sz\u00e1mjel: 26643898 2. Milyen adatokat kezel\u00fcnk? Google Analytics.&nbsp;A honlap b\u00f6ng\u00e9sz\u00e9sekor minden l\u00e1togat\u00f3 anonim m\u00f3don egyedi azonos\u00edt\u00f3t kap, amellyel a Google Analytics a szem\u00e9lyes adatokt\u00f3l f\u00fcggetlen\u00fcl, statisztikai c\u00e9llal felveszi a [&hellip;]\" \/>\n<meta property=\"og:url\" content=\"https:\/\/www.cardspot.hu\/hu\/adatvedelmi-nyilatkozat\/\" \/>\n<meta property=\"og:site_name\" content=\"Cardspot\" \/>\n<meta property=\"article:modified_time\" content=\"2021-07-20T20:47:31+00:00\" \/>\n<meta name=\"twitter:card\" content=\"summary_large_image\" \/>\n<meta name=\"twitter:label1\" content=\"Becs\u00fclt olvas\u00e1si id\u0151\" \/>\n\t<meta name=\"twitter:data1\" content=\"2 perc\" \/>\n<script type=\"application\/ld+json\" class=\"yoast-schema-graph\">{\"@context\":\"https:\\\/\\\/schema.org\",\"@graph\":[{\"@type\":\"WebPage\",\"@id\":\"https:\\\/\\\/www.cardspot.hu\\\/hu\\\/adatvedelmi-nyilatkozat\\\/\",\"url\":\"https:\\\/\\\/www.cardspot.hu\\\/hu\\\/adatvedelmi-nyilatkozat\\\/\",\"name\":\"Adatv\u00e9delmi nyilatkozat - Cardspot\",\"isPartOf\":{\"@id\":\"https:\\\/\\\/www.cardspot.hu\\\/#website\"},\"datePublished\":\"2021-07-20T20:15:24+00:00\",\"dateModified\":\"2021-07-20T20:47:31+00:00\",\"breadcrumb\":{\"@id\":\"https:\\\/\\\/www.cardspot.hu\\\/hu\\\/adatvedelmi-nyilatkozat\\\/#breadcrumb\"},\"inLanguage\":\"hu\",\"potentialAction\":[{\"@type\":\"ReadAction\",\"target\":[\"https:\\\/\\\/www.cardspot.hu\\\/hu\\\/adatvedelmi-nyilatkozat\\\/\"]}]},{\"@type\":\"BreadcrumbList\",\"@id\":\"https:\\\/\\\/www.cardspot.hu\\\/hu\\\/adatvedelmi-nyilatkozat\\\/#breadcrumb\",\"itemListElement\":[{\"@type\":\"ListItem\",\"position\":1,\"name\":\"Kezd\u0151lap\",\"item\":\"https:\\\/\\\/www.cardspot.hu\\\/hu\\\/\"},{\"@type\":\"ListItem\",\"position\":2,\"name\":\"Adatv\u00e9delmi nyilatkozat\"}]},{\"@type\":\"WebSite\",\"@id\":\"https:\\\/\\\/www.cardspot.hu\\\/#website\",\"url\":\"https:\\\/\\\/www.cardspot.hu\\\/\",\"name\":\"Cardspot\",\"description\":\"\",\"publisher\":{\"@id\":\"https:\\\/\\\/www.cardspot.hu\\\/#organization\"},\"potentialAction\":[{\"@type\":\"SearchAction\",\"target\":{\"@type\":\"EntryPoint\",\"urlTemplate\":\"https:\\\/\\\/www.cardspot.hu\\\/?s={search_term_string}\"},\"query-input\":{\"@type\":\"PropertyValueSpecification\",\"valueRequired\":true,\"valueName\":\"search_term_string\"}}],\"inLanguage\":\"hu\"},{\"@type\":\"Organization\",\"@id\":\"https:\\\/\\\/www.cardspot.hu\\\/#organization\",\"name\":\"Cardspot\",\"url\":\"https:\\\/\\\/www.cardspot.hu\\\/\",\"logo\":{\"@type\":\"ImageObject\",\"inLanguage\":\"hu\",\"@id\":\"https:\\\/\\\/www.cardspot.hu\\\/#\\\/schema\\\/logo\\\/image\\\/\",\"url\":\"https:\\\/\\\/dev.cardspot.hu\\\/wp-content\\\/uploads\\\/2021\\\/07\\\/CARDSPOT.png\",\"contentUrl\":\"https:\\\/\\\/dev.cardspot.hu\\\/wp-content\\\/uploads\\\/2021\\\/07\\\/CARDSPOT.png\",\"width\":531,\"height\":304,\"caption\":\"Cardspot\"},\"image\":{\"@id\":\"https:\\\/\\\/www.cardspot.hu\\\/#\\\/schema\\\/logo\\\/image\\\/\"}}]}<\/script>\n<!-- \/ Yoast SEO plugin. -->","yoast_head_json":{"title":"Adatv\u00e9delmi nyilatkozat - Cardspot","robots":{"index":"index","follow":"follow","max-snippet":"max-snippet:-1","max-image-preview":"max-image-preview:large","max-video-preview":"max-video-preview:-1"},"canonical":"https:\/\/www.cardspot.hu\/hu\/adatvedelmi-nyilatkozat\/","og_locale":"hu_HU","og_type":"article","og_title":"Adatv\u00e9delmi nyilatkozat - Cardspot","og_description":"1. Adatkezel\u0151 Az adatok kezel\u0151je: CARDSPOT Kft. Sz\u00e9khely\/post\u00e1z\u00e1si c\u00edm: 1151 Budapest, Szlacs\u00e1nyi u. 42. Ad\u00f3sz\u00e1m: 26643898-2-42 Kapcsolat:&nbsp;info kukac cardspot pont hu Nyilv\u00e1ntart\u00e1si sz\u00e1m: Cg. 01-09-336857 Statisztikai sz\u00e1mjel: 26643898 2. Milyen adatokat kezel\u00fcnk? Google Analytics.&nbsp;A honlap b\u00f6ng\u00e9sz\u00e9sekor minden l\u00e1togat\u00f3 anonim m\u00f3don egyedi azonos\u00edt\u00f3t kap, amellyel a Google Analytics a szem\u00e9lyes adatokt\u00f3l f\u00fcggetlen\u00fcl, statisztikai c\u00e9llal felveszi a [&hellip;]","og_url":"https:\/\/www.cardspot.hu\/hu\/adatvedelmi-nyilatkozat\/","og_site_name":"Cardspot","article_modified_time":"2021-07-20T20:47:31+00:00","twitter_card":"summary_large_image","twitter_misc":{"Becs\u00fclt olvas\u00e1si id\u0151":"2 perc"},"schema":{"@context":"https:\/\/schema.org","@graph":[{"@type":"WebPage","@id":"https:\/\/www.cardspot.hu\/hu\/adatvedelmi-nyilatkozat\/","url":"https:\/\/www.cardspot.hu\/hu\/adatvedelmi-nyilatkozat\/","name":"Adatv\u00e9delmi nyilatkozat - Cardspot","isPartOf":{"@id":"https:\/\/www.cardspot.hu\/#website"},"datePublished":"2021-07-20T20:15:24+00:00","dateModified":"2021-07-20T20:47:31+00:00","breadcrumb":{"@id":"https:\/\/www.cardspot.hu\/hu\/adatvedelmi-nyilatkozat\/#breadcrumb"},"inLanguage":"hu","potentialAction":[{"@type":"ReadAction","target":["https:\/\/www.cardspot.hu\/hu\/adatvedelmi-nyilatkozat\/"]}]},{"@type":"BreadcrumbList","@id":"https:\/\/www.cardspot.hu\/hu\/adatvedelmi-nyilatkozat\/#breadcrumb","itemListElement":[{"@type":"ListItem","position":1,"name":"Kezd\u0151lap","item":"https:\/\/www.cardspot.hu\/hu\/"},{"@type":"ListItem","position":2,"name":"Adatv\u00e9delmi nyilatkozat"}]},{"@type":"WebSite","@id":"https:\/\/www.cardspot.hu\/#website","url":"https:\/\/www.cardspot.hu\/","name":"Cardspot","description":"","publisher":{"@id":"https:\/\/www.cardspot.hu\/#organization"},"potentialAction":[{"@type":"SearchAction","target":{"@type":"EntryPoint","urlTemplate":"https:\/\/www.cardspot.hu\/?s={search_term_string}"},"query-input":{"@type":"PropertyValueSpecification","valueRequired":true,"valueName":"search_term_string"}}],"inLanguage":"hu"},{"@type":"Organization","@id":"https:\/\/www.cardspot.hu\/#organization","name":"Cardspot","url":"https:\/\/www.cardspot.hu\/","logo":{"@type":"ImageObject","inLanguage":"hu","@id":"https:\/\/www.cardspot.hu\/#\/schema\/logo\/image\/","url":"https:\/\/dev.cardspot.hu\/wp-content\/uploads\/2021\/07\/CARDSPOT.png","contentUrl":"https:\/\/dev.cardspot.hu\/wp-content\/uploads\/2021\/07\/CARDSPOT.png","width":531,"height":304,"caption":"Cardspot"},"image":{"@id":"https:\/\/www.cardspot.hu\/#\/schema\/logo\/image\/"}}]}},"featured_image_src":null,"featured_image_src_square":null,"_links":{"self":[{"href":"https:\/\/www.cardspot.hu\/hu\/wp-json\/wp\/v2\/pages\/362","targetHints":{"allow":["GET"]}}],"collection":[{"href":"https:\/\/www.cardspot.hu\/hu\/wp-json\/wp\/v2\/pages"}],"about":[{"href":"https:\/\/www.cardspot.hu\/hu\/wp-json\/wp\/v2\/types\/page"}],"author":[{"embeddable":true,"href":"https:\/\/www.cardspot.hu\/hu\/wp-json\/wp\/v2\/users\/2"}],"replies":[{"embeddable":true,"href":"https:\/\/www.cardspot.hu\/hu\/wp-json\/wp\/v2\/comments?post=362"}],"version-history":[{"count":2,"href":"https:\/\/www.cardspot.hu\/hu\/wp-json\/wp\/v2\/pages\/362\/revisions"}],"predecessor-version":[{"id":371,"href":"https:\/\/www.cardspot.hu\/hu\/wp-json\/wp\/v2\/pages\/362\/revisions\/371"}],"wp:attachment":[{"href":"https:\/\/www.cardspot.hu\/hu\/wp-json\/wp\/v2\/media?parent=362"}],"curies":[{"name":"wp","href":"https:\/\/api.w.org\/{rel}","templated":true}]}}