{"id":267,"date":"2021-07-20T13:20:04","date_gmt":"2021-07-20T13:20:04","guid":{"rendered":"https:\/\/dev.cardspot.hu\/?page_id=267"},"modified":"2021-07-21T11:02:47","modified_gmt":"2021-07-21T11:02:47","slug":"kovetelmenyek-monitorozasa","status":"publish","type":"page","link":"https:\/\/www.cardspot.hu\/hu\/kovetelmenyek-monitorozasa\/","title":{"rendered":"K\u00f6vetelm\u00e9nyek monitoroz\u00e1sa"},"content":{"rendered":"\n<p>Jelenleg ez az oldal felt\u00f6lt\u00e9s alatt \u00e1ll. Am\u00edg v\u00e9gz\u00fcnk a felt\u00f6lt\u00e9ssel, olvassa el az angol verzi\u00f3t <a href=\"https:\/\/www.cardspot.hu\/cmos\/\">itt<\/a>, vagy <a href=\"https:\/\/www.cardspot.hu\/hu\/kapcsolat\/\">l\u00e9pjen vel\u00fcnk kapcsolatba<\/a>.<\/p>\n","protected":false},"excerpt":{"rendered":"<p>Jelenleg ez az oldal felt\u00f6lt\u00e9s alatt \u00e1ll. Am\u00edg v\u00e9gz\u00fcnk a felt\u00f6lt\u00e9ssel, olvassa el az angol verzi\u00f3t itt, vagy l\u00e9pjen vel\u00fcnk kapcsolatba.<\/p>\n","protected":false},"author":2,"featured_media":0,"parent":0,"menu_order":0,"comment_status":"closed","ping_status":"closed","template":"","meta":{"_genesis_hide_title":false,"_genesis_hide_breadcrumbs":false,"_genesis_hide_singular_image":false,"_genesis_hide_footer_widgets":false,"_genesis_custom_body_class":"","_genesis_custom_post_class":"","_genesis_layout":"","footnotes":""},"class_list":{"0":"post-267","1":"page","2":"type-page","3":"status-publish","5":"entry"},"yoast_head":"<!-- This site is optimized with the Yoast SEO plugin v27.4 - https:\/\/yoast.com\/product\/yoast-seo-wordpress\/ -->\n<title>K\u00f6vetelm\u00e9nyek monitoroz\u00e1sa - Cardspot<\/title>\n<meta name=\"robots\" content=\"index, follow, max-snippet:-1, max-image-preview:large, max-video-preview:-1\" \/>\n<link rel=\"canonical\" href=\"https:\/\/www.cardspot.hu\/hu\/kovetelmenyek-monitorozasa\/\" \/>\n<meta property=\"og:locale\" content=\"hu_HU\" \/>\n<meta property=\"og:type\" content=\"article\" \/>\n<meta property=\"og:title\" content=\"K\u00f6vetelm\u00e9nyek monitoroz\u00e1sa - Cardspot\" \/>\n<meta property=\"og:description\" content=\"Jelenleg ez az oldal felt\u00f6lt\u00e9s alatt \u00e1ll. Am\u00edg v\u00e9gz\u00fcnk a felt\u00f6lt\u00e9ssel, olvassa el az angol verzi\u00f3t itt, vagy l\u00e9pjen vel\u00fcnk kapcsolatba.\" \/>\n<meta property=\"og:url\" content=\"https:\/\/www.cardspot.hu\/hu\/kovetelmenyek-monitorozasa\/\" \/>\n<meta property=\"og:site_name\" content=\"Cardspot\" \/>\n<meta property=\"article:modified_time\" content=\"2021-07-21T11:02:47+00:00\" \/>\n<meta name=\"twitter:card\" content=\"summary_large_image\" \/>\n<meta name=\"twitter:label1\" content=\"Becs\u00fclt olvas\u00e1si id\u0151\" \/>\n\t<meta name=\"twitter:data1\" content=\"1 perc\" \/>\n<script type=\"application\/ld+json\" class=\"yoast-schema-graph\">{\"@context\":\"https:\\\/\\\/schema.org\",\"@graph\":[{\"@type\":\"WebPage\",\"@id\":\"https:\\\/\\\/www.cardspot.hu\\\/hu\\\/kovetelmenyek-monitorozasa\\\/\",\"url\":\"https:\\\/\\\/www.cardspot.hu\\\/hu\\\/kovetelmenyek-monitorozasa\\\/\",\"name\":\"K\u00f6vetelm\u00e9nyek monitoroz\u00e1sa - Cardspot\",\"isPartOf\":{\"@id\":\"https:\\\/\\\/www.cardspot.hu\\\/#website\"},\"datePublished\":\"2021-07-20T13:20:04+00:00\",\"dateModified\":\"2021-07-21T11:02:47+00:00\",\"breadcrumb\":{\"@id\":\"https:\\\/\\\/www.cardspot.hu\\\/hu\\\/kovetelmenyek-monitorozasa\\\/#breadcrumb\"},\"inLanguage\":\"hu\",\"potentialAction\":[{\"@type\":\"ReadAction\",\"target\":[\"https:\\\/\\\/www.cardspot.hu\\\/hu\\\/kovetelmenyek-monitorozasa\\\/\"]}]},{\"@type\":\"BreadcrumbList\",\"@id\":\"https:\\\/\\\/www.cardspot.hu\\\/hu\\\/kovetelmenyek-monitorozasa\\\/#breadcrumb\",\"itemListElement\":[{\"@type\":\"ListItem\",\"position\":1,\"name\":\"Kezd\u0151lap\",\"item\":\"https:\\\/\\\/www.cardspot.hu\\\/hu\\\/\"},{\"@type\":\"ListItem\",\"position\":2,\"name\":\"K\u00f6vetelm\u00e9nyek monitoroz\u00e1sa\"}]},{\"@type\":\"WebSite\",\"@id\":\"https:\\\/\\\/www.cardspot.hu\\\/#website\",\"url\":\"https:\\\/\\\/www.cardspot.hu\\\/\",\"name\":\"Cardspot\",\"description\":\"\",\"publisher\":{\"@id\":\"https:\\\/\\\/www.cardspot.hu\\\/#organization\"},\"potentialAction\":[{\"@type\":\"SearchAction\",\"target\":{\"@type\":\"EntryPoint\",\"urlTemplate\":\"https:\\\/\\\/www.cardspot.hu\\\/?s={search_term_string}\"},\"query-input\":{\"@type\":\"PropertyValueSpecification\",\"valueRequired\":true,\"valueName\":\"search_term_string\"}}],\"inLanguage\":\"hu\"},{\"@type\":\"Organization\",\"@id\":\"https:\\\/\\\/www.cardspot.hu\\\/#organization\",\"name\":\"Cardspot\",\"url\":\"https:\\\/\\\/www.cardspot.hu\\\/\",\"logo\":{\"@type\":\"ImageObject\",\"inLanguage\":\"hu\",\"@id\":\"https:\\\/\\\/www.cardspot.hu\\\/#\\\/schema\\\/logo\\\/image\\\/\",\"url\":\"https:\\\/\\\/dev.cardspot.hu\\\/wp-content\\\/uploads\\\/2021\\\/07\\\/CARDSPOT.png\",\"contentUrl\":\"https:\\\/\\\/dev.cardspot.hu\\\/wp-content\\\/uploads\\\/2021\\\/07\\\/CARDSPOT.png\",\"width\":531,\"height\":304,\"caption\":\"Cardspot\"},\"image\":{\"@id\":\"https:\\\/\\\/www.cardspot.hu\\\/#\\\/schema\\\/logo\\\/image\\\/\"}}]}<\/script>\n<!-- \/ Yoast SEO plugin. -->","yoast_head_json":{"title":"K\u00f6vetelm\u00e9nyek monitoroz\u00e1sa - Cardspot","robots":{"index":"index","follow":"follow","max-snippet":"max-snippet:-1","max-image-preview":"max-image-preview:large","max-video-preview":"max-video-preview:-1"},"canonical":"https:\/\/www.cardspot.hu\/hu\/kovetelmenyek-monitorozasa\/","og_locale":"hu_HU","og_type":"article","og_title":"K\u00f6vetelm\u00e9nyek monitoroz\u00e1sa - Cardspot","og_description":"Jelenleg ez az oldal felt\u00f6lt\u00e9s alatt \u00e1ll. Am\u00edg v\u00e9gz\u00fcnk a felt\u00f6lt\u00e9ssel, olvassa el az angol verzi\u00f3t itt, vagy l\u00e9pjen vel\u00fcnk kapcsolatba.","og_url":"https:\/\/www.cardspot.hu\/hu\/kovetelmenyek-monitorozasa\/","og_site_name":"Cardspot","article_modified_time":"2021-07-21T11:02:47+00:00","twitter_card":"summary_large_image","twitter_misc":{"Becs\u00fclt olvas\u00e1si id\u0151":"1 perc"},"schema":{"@context":"https:\/\/schema.org","@graph":[{"@type":"WebPage","@id":"https:\/\/www.cardspot.hu\/hu\/kovetelmenyek-monitorozasa\/","url":"https:\/\/www.cardspot.hu\/hu\/kovetelmenyek-monitorozasa\/","name":"K\u00f6vetelm\u00e9nyek monitoroz\u00e1sa - Cardspot","isPartOf":{"@id":"https:\/\/www.cardspot.hu\/#website"},"datePublished":"2021-07-20T13:20:04+00:00","dateModified":"2021-07-21T11:02:47+00:00","breadcrumb":{"@id":"https:\/\/www.cardspot.hu\/hu\/kovetelmenyek-monitorozasa\/#breadcrumb"},"inLanguage":"hu","potentialAction":[{"@type":"ReadAction","target":["https:\/\/www.cardspot.hu\/hu\/kovetelmenyek-monitorozasa\/"]}]},{"@type":"BreadcrumbList","@id":"https:\/\/www.cardspot.hu\/hu\/kovetelmenyek-monitorozasa\/#breadcrumb","itemListElement":[{"@type":"ListItem","position":1,"name":"Kezd\u0151lap","item":"https:\/\/www.cardspot.hu\/hu\/"},{"@type":"ListItem","position":2,"name":"K\u00f6vetelm\u00e9nyek monitoroz\u00e1sa"}]},{"@type":"WebSite","@id":"https:\/\/www.cardspot.hu\/#website","url":"https:\/\/www.cardspot.hu\/","name":"Cardspot","description":"","publisher":{"@id":"https:\/\/www.cardspot.hu\/#organization"},"potentialAction":[{"@type":"SearchAction","target":{"@type":"EntryPoint","urlTemplate":"https:\/\/www.cardspot.hu\/?s={search_term_string}"},"query-input":{"@type":"PropertyValueSpecification","valueRequired":true,"valueName":"search_term_string"}}],"inLanguage":"hu"},{"@type":"Organization","@id":"https:\/\/www.cardspot.hu\/#organization","name":"Cardspot","url":"https:\/\/www.cardspot.hu\/","logo":{"@type":"ImageObject","inLanguage":"hu","@id":"https:\/\/www.cardspot.hu\/#\/schema\/logo\/image\/","url":"https:\/\/dev.cardspot.hu\/wp-content\/uploads\/2021\/07\/CARDSPOT.png","contentUrl":"https:\/\/dev.cardspot.hu\/wp-content\/uploads\/2021\/07\/CARDSPOT.png","width":531,"height":304,"caption":"Cardspot"},"image":{"@id":"https:\/\/www.cardspot.hu\/#\/schema\/logo\/image\/"}}]}},"featured_image_src":null,"featured_image_src_square":null,"_links":{"self":[{"href":"https:\/\/www.cardspot.hu\/hu\/wp-json\/wp\/v2\/pages\/267","targetHints":{"allow":["GET"]}}],"collection":[{"href":"https:\/\/www.cardspot.hu\/hu\/wp-json\/wp\/v2\/pages"}],"about":[{"href":"https:\/\/www.cardspot.hu\/hu\/wp-json\/wp\/v2\/types\/page"}],"author":[{"embeddable":true,"href":"https:\/\/www.cardspot.hu\/hu\/wp-json\/wp\/v2\/users\/2"}],"replies":[{"embeddable":true,"href":"https:\/\/www.cardspot.hu\/hu\/wp-json\/wp\/v2\/comments?post=267"}],"version-history":[{"count":2,"href":"https:\/\/www.cardspot.hu\/hu\/wp-json\/wp\/v2\/pages\/267\/revisions"}],"predecessor-version":[{"id":398,"href":"https:\/\/www.cardspot.hu\/hu\/wp-json\/wp\/v2\/pages\/267\/revisions\/398"}],"wp:attachment":[{"href":"https:\/\/www.cardspot.hu\/hu\/wp-json\/wp\/v2\/media?parent=267"}],"curies":[{"name":"wp","href":"https:\/\/api.w.org\/{rel}","templated":true}]}}