{"id":256,"date":"2021-07-20T13:16:18","date_gmt":"2021-07-20T13:16:18","guid":{"rendered":"https:\/\/dev.cardspot.hu\/?page_id=256"},"modified":"2021-07-21T10:57:32","modified_gmt":"2021-07-21T10:57:32","slug":"kartyatarsasagi-tanusitasok-certifikaciok","status":"publish","type":"page","link":"https:\/\/www.cardspot.hu\/hu\/kartyatarsasagi-tanusitasok-certifikaciok\/","title":{"rendered":"K\u00e1rtyat\u00e1rsas\u00e1gi tan\u00fas\u00edt\u00e1sok (certifik\u00e1ci\u00f3k)"},"content":{"rendered":"\n<p><strong>A k\u00e1rtyat\u00e1rsas\u00e1gok, mint a Mastercard, Visa \u00e9s Discover elk\u00e9sz\u00edtett\u00e9k azokat az ellen\u0151rz\u00e9si elj\u00e1r\u00e1sokat amelyek biztos\u00edtj\u00e1k, hogy a k\u00e1rty\u00e1k \u00e9s termin\u00e1lok megfeleljenek a k\u00e1rtyat\u00e1rsas\u00e1gi elv\u00e1r\u00e1soknak.<\/strong><\/p>\n\n\n\n<h2 class=\"wp-block-heading\">Tev\u00e9kenys\u00e9g\u00fcnk<\/h2>\n\n\n\n<p>A CARDSPOT \u00e9s az <a href=\"https:\/\/www.argotechno.com\/\">Argotechno<\/a> egy\u00fcttm\u0171k\u00f6d\u00e9sben k\u00edn\u00e1lja a legjobb \u00e9s legkedvez\u0151bb \u00e1r\u00fa tan\u00fas\u00edt\u00e1si szolg\u00e1ltat\u00e1st a kelet-k\u00f6z\u00e9p eur\u00f3pai r\u00e9gi\u00f3ban. A Magyarorsz\u00e1gon m\u0171k\u00f6d\u0151 CARDSPOT k\u00f6zel hozza a szolg\u00e1ltat\u00e1st az \u00fcgyfeleihez. Helyi jelenl\u00e9t\u00e9vel gyors \u00e9s seg\u00edt\u0151k\u00e9sz folyamatokat biztos\u00edt.<\/p>\n\n\n\n<div class=\"wp-block-columns is-layout-flex wp-container-core-columns-is-layout-9d6595d7 wp-block-columns-is-layout-flex\">\n<div class=\"wp-block-column is-layout-flow wp-block-column-is-layout-flow\">\n<figure class=\"wp-block-image size-large\"><img loading=\"lazy\" decoding=\"async\" width=\"500\" height=\"300\" src=\"https:\/\/www.cardspot.hu\/wp-content\/uploads\/2021\/07\/logo-cardspot-services.jpg\" alt=\"CARDSPOT logo\" class=\"wp-image-133\" srcset=\"https:\/\/www.cardspot.hu\/wp-content\/uploads\/2021\/07\/logo-cardspot-services.jpg 500w, https:\/\/www.cardspot.hu\/wp-content\/uploads\/2021\/07\/logo-cardspot-services-300x180.jpg 300w\" sizes=\"auto, (max-width: 500px) 100vw, 500px\" \/><\/figure>\n<\/div>\n\n\n\n<div class=\"wp-block-column is-layout-flow wp-block-column-is-layout-flow\">\n<figure class=\"wp-block-image size-large\"><a href=\"https:\/\/www.argotechno.com\/\" target=\"_blank\" rel=\"noopener\"><img loading=\"lazy\" decoding=\"async\" width=\"500\" height=\"300\" src=\"https:\/\/www.cardspot.hu\/wp-content\/uploads\/2021\/07\/logo-argotechno-services.jpg\" alt=\"Argotechno logo\" class=\"wp-image-131\" title=\"\" srcset=\"https:\/\/www.cardspot.hu\/wp-content\/uploads\/2021\/07\/logo-argotechno-services.jpg 500w, https:\/\/www.cardspot.hu\/wp-content\/uploads\/2021\/07\/logo-argotechno-services-300x180.jpg 300w\" sizes=\"auto, (max-width: 500px) 100vw, 500px\" \/><\/a><\/figure>\n<\/div>\n<\/div>\n\n\n\n<p>Mindegyik k\u00e1rtyat\u00e1rsas\u00e1g eset\u00e9ben k\u00edn\u00e1lunk tan\u00fas\u00edt\u00e1si \u00e9s tesztel\u00e9si szolg\u00e1ltat\u00e1sokat, amihez t\u00e1mogat\u00f3 csapatunk m\u00e9ly \u00e9s naprak\u00e9sz tud\u00e1ssal rendelkezik a k\u00e1rtyat\u00e1rsas\u00e1gok elv\u00e1r\u00e1sair\u00f3l.<\/p>\n\n\n\n<h2 class=\"wp-block-heading\">Mastercard<\/h2>\n\n\n\n<p><a href=\"https:\/\/www.argotechno.com\/\">Argotechno<\/a>, mint akkredit\u00e1lt Mastercard Service Provider, v\u00e9grehajthatja a Card Personalization Validation (CPV), Change Notification Statement (CNS), Terminal Integration Process (M- TIP) and Network Interface Validation (NIV) teszteket \u00e9s tan\u00fas\u00edt\u00e1sokat.<\/p>\n\n\n\n<h2 class=\"wp-block-heading\">Visa<\/h2>\n\n\n\n<p>A Visa Technology Partner kapcsolaton alapul\u00f3 helyzet\u00fcnkkel Visa Card Personalization Validation, Acceptance Device Validation Toolkit (ADVT), Visa Paywave Test Tool (VpTT) and Contactless Device Evaluation Toolkit (CDET) tan\u00fas\u00edt\u00e1si folyamatban tudunk r\u00e9szt venni.<\/p>\n\n\n\n<h2 class=\"wp-block-heading\">Discover<\/h2>\n\n\n\n<p>Mint Discover Service Provider, az Argotechno seg\u00edts\u00e9g\u00e9vel D-PAS teljes k\u00f6r\u0171 teszteket hajtunk v\u00e9gre \u00e9rit\u00e9ses \u00e9s chip-es eszk\u00f6z\u00f6k sz\u00e1m\u00e1ra.<\/p>\n\n\n\n<h2 class=\"wp-block-heading\">Legjobb min\u0151s\u00e9g, legalacsonyabb \u00e1r<\/h2>\n\n\n\n<p>A CARDSPOT az Argotechno helyi k\u00e9pviselete, a teljes kelet-k\u00f6z\u00e9p eur\u00f3pai r\u00e9gi\u00f3ban. A helyi k\u00e9pviselet lehet\u0151s\u00e9ge biztos\u00edtja a legjobb min\u0151s\u00e9get a legalacsonyabb \u00e1ron.<\/p>\n\n\n\n<p>Tov\u00e1bbi r\u00e9szletek\u00e9rt \u00e9s aj\u00e1nlatunk\u00e9rt, <a href=\"https:\/\/www.cardspot.hu\/hu\/kapcsolat\/\">l\u00e9pjen vel\u00fcnk kapcsolatba<\/a>. A tan\u00fas\u00edt\u00e1si szolg\u00e1ltat\u00e1sok megkezd\u00e9s\u00e9hez sz\u00fcks\u00e9ges felk\u00e9sz\u00fcl\u00e9shez <a href=\"https:\/\/www.cardspot.hu\/hu\/kartyatarsasagi-tudasatadas\/\">k\u00e1rtyat\u00e1rsas\u00e1gi<\/a>, <a href=\"https:\/\/www.cardspot.hu\/hu\/kibocsatoi-tanacsadas\/\">kibocs\u00e1t\u00f3i<\/a> \u00e9s <a href=\"https:\/\/www.cardspot.hu\/hu\/elfogadoi-tanacsadas\/\">elfogad\u00f3i<\/a> szolg\u00e1tat\u00e1saink seg\u00edtenek.<\/p>\n","protected":false},"excerpt":{"rendered":"<p>A k\u00e1rtyat\u00e1rsas\u00e1gok, mint a Mastercard, Visa \u00e9s Discover elk\u00e9sz\u00edtett\u00e9k azokat az ellen\u0151rz\u00e9si elj\u00e1r\u00e1sokat amelyek biztos\u00edtj\u00e1k, hogy a k\u00e1rty\u00e1k \u00e9s termin\u00e1lok megfeleljenek a k\u00e1rtyat\u00e1rsas\u00e1gi elv\u00e1r\u00e1soknak. Tev\u00e9kenys\u00e9g\u00fcnk A CARDSPOT \u00e9s az Argotechno egy\u00fcttm\u0171k\u00f6d\u00e9sben k\u00edn\u00e1lja a legjobb \u00e9s legkedvez\u0151bb \u00e1r\u00fa tan\u00fas\u00edt\u00e1si szolg\u00e1ltat\u00e1st a kelet-k\u00f6z\u00e9p eur\u00f3pai r\u00e9gi\u00f3ban. A Magyarorsz\u00e1gon m\u0171k\u00f6d\u0151 CARDSPOT k\u00f6zel hozza a szolg\u00e1ltat\u00e1st az \u00fcgyfeleihez. Helyi jelenl\u00e9t\u00e9vel [&hellip;]<\/p>\n","protected":false},"author":2,"featured_media":0,"parent":0,"menu_order":0,"comment_status":"closed","ping_status":"closed","template":"","meta":{"_genesis_hide_title":false,"_genesis_hide_breadcrumbs":false,"_genesis_hide_singular_image":false,"_genesis_hide_footer_widgets":false,"_genesis_custom_body_class":"","_genesis_custom_post_class":"","_genesis_layout":"","footnotes":""},"class_list":{"0":"post-256","1":"page","2":"type-page","3":"status-publish","5":"entry"},"yoast_head":"<!-- This site is optimized with the Yoast SEO plugin v27.4 - https:\/\/yoast.com\/product\/yoast-seo-wordpress\/ -->\n<title>K\u00e1rtyat\u00e1rsas\u00e1gi tan\u00fas\u00edt\u00e1sok (certifik\u00e1ci\u00f3k) - Cardspot<\/title>\n<meta name=\"description\" content=\"CPV, M-TIP, NIV, ADVT, VpTT, D-PAS \u00e9s m\u00e1s k\u00e1rtyat\u00e1rsas\u00e1gi tan\u00fas\u00edt\u00e1sok elv\u00e9gz\u00e9se \u00e9s a hozz\u00e1juk kapcsol\u00f3d\u00f3 tesztek v\u00e9grehajt\u00e1sa.\" \/>\n<meta name=\"robots\" content=\"index, follow, max-snippet:-1, max-image-preview:large, max-video-preview:-1\" \/>\n<link rel=\"canonical\" href=\"https:\/\/www.cardspot.hu\/hu\/kartyatarsasagi-tanusitasok-certifikaciok\/\" \/>\n<meta property=\"og:locale\" content=\"hu_HU\" \/>\n<meta property=\"og:type\" content=\"article\" \/>\n<meta property=\"og:title\" content=\"K\u00e1rtyat\u00e1rsas\u00e1gi tan\u00fas\u00edt\u00e1sok (certifik\u00e1ci\u00f3k) - Cardspot\" \/>\n<meta property=\"og:description\" content=\"CPV, M-TIP, NIV, ADVT, VpTT, D-PAS \u00e9s m\u00e1s k\u00e1rtyat\u00e1rsas\u00e1gi tan\u00fas\u00edt\u00e1sok elv\u00e9gz\u00e9se \u00e9s a hozz\u00e1juk kapcsol\u00f3d\u00f3 tesztek v\u00e9grehajt\u00e1sa.\" \/>\n<meta property=\"og:url\" content=\"https:\/\/www.cardspot.hu\/hu\/kartyatarsasagi-tanusitasok-certifikaciok\/\" \/>\n<meta property=\"og:site_name\" content=\"Cardspot\" \/>\n<meta property=\"article:modified_time\" content=\"2021-07-21T10:57:32+00:00\" \/>\n<meta property=\"og:image\" content=\"https:\/\/www.cardspot.hu\/wp-content\/uploads\/2021\/07\/logo-cardspot-services.jpg\" \/>\n<meta name=\"twitter:card\" content=\"summary_large_image\" \/>\n<meta name=\"twitter:label1\" content=\"Becs\u00fclt olvas\u00e1si id\u0151\" \/>\n\t<meta name=\"twitter:data1\" content=\"2 perc\" \/>\n<script type=\"application\/ld+json\" class=\"yoast-schema-graph\">{\"@context\":\"https:\\\/\\\/schema.org\",\"@graph\":[{\"@type\":\"WebPage\",\"@id\":\"https:\\\/\\\/www.cardspot.hu\\\/hu\\\/kartyatarsasagi-tanusitasok-certifikaciok\\\/\",\"url\":\"https:\\\/\\\/www.cardspot.hu\\\/hu\\\/kartyatarsasagi-tanusitasok-certifikaciok\\\/\",\"name\":\"K\u00e1rtyat\u00e1rsas\u00e1gi tan\u00fas\u00edt\u00e1sok (certifik\u00e1ci\u00f3k) - Cardspot\",\"isPartOf\":{\"@id\":\"https:\\\/\\\/www.cardspot.hu\\\/#website\"},\"primaryImageOfPage\":{\"@id\":\"https:\\\/\\\/www.cardspot.hu\\\/hu\\\/kartyatarsasagi-tanusitasok-certifikaciok\\\/#primaryimage\"},\"image\":{\"@id\":\"https:\\\/\\\/www.cardspot.hu\\\/hu\\\/kartyatarsasagi-tanusitasok-certifikaciok\\\/#primaryimage\"},\"thumbnailUrl\":\"https:\\\/\\\/www.cardspot.hu\\\/wp-content\\\/uploads\\\/2021\\\/07\\\/logo-cardspot-services.jpg\",\"datePublished\":\"2021-07-20T13:16:18+00:00\",\"dateModified\":\"2021-07-21T10:57:32+00:00\",\"description\":\"CPV, M-TIP, NIV, ADVT, VpTT, D-PAS \u00e9s m\u00e1s k\u00e1rtyat\u00e1rsas\u00e1gi tan\u00fas\u00edt\u00e1sok elv\u00e9gz\u00e9se \u00e9s a hozz\u00e1juk kapcsol\u00f3d\u00f3 tesztek v\u00e9grehajt\u00e1sa.\",\"breadcrumb\":{\"@id\":\"https:\\\/\\\/www.cardspot.hu\\\/hu\\\/kartyatarsasagi-tanusitasok-certifikaciok\\\/#breadcrumb\"},\"inLanguage\":\"hu\",\"potentialAction\":[{\"@type\":\"ReadAction\",\"target\":[\"https:\\\/\\\/www.cardspot.hu\\\/hu\\\/kartyatarsasagi-tanusitasok-certifikaciok\\\/\"]}]},{\"@type\":\"ImageObject\",\"inLanguage\":\"hu\",\"@id\":\"https:\\\/\\\/www.cardspot.hu\\\/hu\\\/kartyatarsasagi-tanusitasok-certifikaciok\\\/#primaryimage\",\"url\":\"https:\\\/\\\/www.cardspot.hu\\\/wp-content\\\/uploads\\\/2021\\\/07\\\/logo-cardspot-services.jpg\",\"contentUrl\":\"https:\\\/\\\/www.cardspot.hu\\\/wp-content\\\/uploads\\\/2021\\\/07\\\/logo-cardspot-services.jpg\"},{\"@type\":\"BreadcrumbList\",\"@id\":\"https:\\\/\\\/www.cardspot.hu\\\/hu\\\/kartyatarsasagi-tanusitasok-certifikaciok\\\/#breadcrumb\",\"itemListElement\":[{\"@type\":\"ListItem\",\"position\":1,\"name\":\"Kezd\u0151lap\",\"item\":\"https:\\\/\\\/www.cardspot.hu\\\/hu\\\/\"},{\"@type\":\"ListItem\",\"position\":2,\"name\":\"K\u00e1rtyat\u00e1rsas\u00e1gi tan\u00fas\u00edt\u00e1sok (certifik\u00e1ci\u00f3k)\"}]},{\"@type\":\"WebSite\",\"@id\":\"https:\\\/\\\/www.cardspot.hu\\\/#website\",\"url\":\"https:\\\/\\\/www.cardspot.hu\\\/\",\"name\":\"Cardspot\",\"description\":\"\",\"publisher\":{\"@id\":\"https:\\\/\\\/www.cardspot.hu\\\/#organization\"},\"potentialAction\":[{\"@type\":\"SearchAction\",\"target\":{\"@type\":\"EntryPoint\",\"urlTemplate\":\"https:\\\/\\\/www.cardspot.hu\\\/?s={search_term_string}\"},\"query-input\":{\"@type\":\"PropertyValueSpecification\",\"valueRequired\":true,\"valueName\":\"search_term_string\"}}],\"inLanguage\":\"hu\"},{\"@type\":\"Organization\",\"@id\":\"https:\\\/\\\/www.cardspot.hu\\\/#organization\",\"name\":\"Cardspot\",\"url\":\"https:\\\/\\\/www.cardspot.hu\\\/\",\"logo\":{\"@type\":\"ImageObject\",\"inLanguage\":\"hu\",\"@id\":\"https:\\\/\\\/www.cardspot.hu\\\/#\\\/schema\\\/logo\\\/image\\\/\",\"url\":\"https:\\\/\\\/dev.cardspot.hu\\\/wp-content\\\/uploads\\\/2021\\\/07\\\/CARDSPOT.png\",\"contentUrl\":\"https:\\\/\\\/dev.cardspot.hu\\\/wp-content\\\/uploads\\\/2021\\\/07\\\/CARDSPOT.png\",\"width\":531,\"height\":304,\"caption\":\"Cardspot\"},\"image\":{\"@id\":\"https:\\\/\\\/www.cardspot.hu\\\/#\\\/schema\\\/logo\\\/image\\\/\"}}]}<\/script>\n<!-- \/ Yoast SEO plugin. -->","yoast_head_json":{"title":"K\u00e1rtyat\u00e1rsas\u00e1gi tan\u00fas\u00edt\u00e1sok (certifik\u00e1ci\u00f3k) - Cardspot","description":"CPV, M-TIP, NIV, ADVT, VpTT, D-PAS \u00e9s m\u00e1s k\u00e1rtyat\u00e1rsas\u00e1gi tan\u00fas\u00edt\u00e1sok elv\u00e9gz\u00e9se \u00e9s a hozz\u00e1juk kapcsol\u00f3d\u00f3 tesztek v\u00e9grehajt\u00e1sa.","robots":{"index":"index","follow":"follow","max-snippet":"max-snippet:-1","max-image-preview":"max-image-preview:large","max-video-preview":"max-video-preview:-1"},"canonical":"https:\/\/www.cardspot.hu\/hu\/kartyatarsasagi-tanusitasok-certifikaciok\/","og_locale":"hu_HU","og_type":"article","og_title":"K\u00e1rtyat\u00e1rsas\u00e1gi tan\u00fas\u00edt\u00e1sok (certifik\u00e1ci\u00f3k) - Cardspot","og_description":"CPV, M-TIP, NIV, ADVT, VpTT, D-PAS \u00e9s m\u00e1s k\u00e1rtyat\u00e1rsas\u00e1gi tan\u00fas\u00edt\u00e1sok elv\u00e9gz\u00e9se \u00e9s a hozz\u00e1juk kapcsol\u00f3d\u00f3 tesztek v\u00e9grehajt\u00e1sa.","og_url":"https:\/\/www.cardspot.hu\/hu\/kartyatarsasagi-tanusitasok-certifikaciok\/","og_site_name":"Cardspot","article_modified_time":"2021-07-21T10:57:32+00:00","og_image":[{"url":"https:\/\/www.cardspot.hu\/wp-content\/uploads\/2021\/07\/logo-cardspot-services.jpg","type":"","width":"","height":""}],"twitter_card":"summary_large_image","twitter_misc":{"Becs\u00fclt olvas\u00e1si id\u0151":"2 perc"},"schema":{"@context":"https:\/\/schema.org","@graph":[{"@type":"WebPage","@id":"https:\/\/www.cardspot.hu\/hu\/kartyatarsasagi-tanusitasok-certifikaciok\/","url":"https:\/\/www.cardspot.hu\/hu\/kartyatarsasagi-tanusitasok-certifikaciok\/","name":"K\u00e1rtyat\u00e1rsas\u00e1gi tan\u00fas\u00edt\u00e1sok (certifik\u00e1ci\u00f3k) - Cardspot","isPartOf":{"@id":"https:\/\/www.cardspot.hu\/#website"},"primaryImageOfPage":{"@id":"https:\/\/www.cardspot.hu\/hu\/kartyatarsasagi-tanusitasok-certifikaciok\/#primaryimage"},"image":{"@id":"https:\/\/www.cardspot.hu\/hu\/kartyatarsasagi-tanusitasok-certifikaciok\/#primaryimage"},"thumbnailUrl":"https:\/\/www.cardspot.hu\/wp-content\/uploads\/2021\/07\/logo-cardspot-services.jpg","datePublished":"2021-07-20T13:16:18+00:00","dateModified":"2021-07-21T10:57:32+00:00","description":"CPV, M-TIP, NIV, ADVT, VpTT, D-PAS \u00e9s m\u00e1s k\u00e1rtyat\u00e1rsas\u00e1gi tan\u00fas\u00edt\u00e1sok elv\u00e9gz\u00e9se \u00e9s a hozz\u00e1juk kapcsol\u00f3d\u00f3 tesztek v\u00e9grehajt\u00e1sa.","breadcrumb":{"@id":"https:\/\/www.cardspot.hu\/hu\/kartyatarsasagi-tanusitasok-certifikaciok\/#breadcrumb"},"inLanguage":"hu","potentialAction":[{"@type":"ReadAction","target":["https:\/\/www.cardspot.hu\/hu\/kartyatarsasagi-tanusitasok-certifikaciok\/"]}]},{"@type":"ImageObject","inLanguage":"hu","@id":"https:\/\/www.cardspot.hu\/hu\/kartyatarsasagi-tanusitasok-certifikaciok\/#primaryimage","url":"https:\/\/www.cardspot.hu\/wp-content\/uploads\/2021\/07\/logo-cardspot-services.jpg","contentUrl":"https:\/\/www.cardspot.hu\/wp-content\/uploads\/2021\/07\/logo-cardspot-services.jpg"},{"@type":"BreadcrumbList","@id":"https:\/\/www.cardspot.hu\/hu\/kartyatarsasagi-tanusitasok-certifikaciok\/#breadcrumb","itemListElement":[{"@type":"ListItem","position":1,"name":"Kezd\u0151lap","item":"https:\/\/www.cardspot.hu\/hu\/"},{"@type":"ListItem","position":2,"name":"K\u00e1rtyat\u00e1rsas\u00e1gi tan\u00fas\u00edt\u00e1sok (certifik\u00e1ci\u00f3k)"}]},{"@type":"WebSite","@id":"https:\/\/www.cardspot.hu\/#website","url":"https:\/\/www.cardspot.hu\/","name":"Cardspot","description":"","publisher":{"@id":"https:\/\/www.cardspot.hu\/#organization"},"potentialAction":[{"@type":"SearchAction","target":{"@type":"EntryPoint","urlTemplate":"https:\/\/www.cardspot.hu\/?s={search_term_string}"},"query-input":{"@type":"PropertyValueSpecification","valueRequired":true,"valueName":"search_term_string"}}],"inLanguage":"hu"},{"@type":"Organization","@id":"https:\/\/www.cardspot.hu\/#organization","name":"Cardspot","url":"https:\/\/www.cardspot.hu\/","logo":{"@type":"ImageObject","inLanguage":"hu","@id":"https:\/\/www.cardspot.hu\/#\/schema\/logo\/image\/","url":"https:\/\/dev.cardspot.hu\/wp-content\/uploads\/2021\/07\/CARDSPOT.png","contentUrl":"https:\/\/dev.cardspot.hu\/wp-content\/uploads\/2021\/07\/CARDSPOT.png","width":531,"height":304,"caption":"Cardspot"},"image":{"@id":"https:\/\/www.cardspot.hu\/#\/schema\/logo\/image\/"}}]}},"featured_image_src":null,"featured_image_src_square":null,"_links":{"self":[{"href":"https:\/\/www.cardspot.hu\/hu\/wp-json\/wp\/v2\/pages\/256","targetHints":{"allow":["GET"]}}],"collection":[{"href":"https:\/\/www.cardspot.hu\/hu\/wp-json\/wp\/v2\/pages"}],"about":[{"href":"https:\/\/www.cardspot.hu\/hu\/wp-json\/wp\/v2\/types\/page"}],"author":[{"embeddable":true,"href":"https:\/\/www.cardspot.hu\/hu\/wp-json\/wp\/v2\/users\/2"}],"replies":[{"embeddable":true,"href":"https:\/\/www.cardspot.hu\/hu\/wp-json\/wp\/v2\/comments?post=256"}],"version-history":[{"count":3,"href":"https:\/\/www.cardspot.hu\/hu\/wp-json\/wp\/v2\/pages\/256\/revisions"}],"predecessor-version":[{"id":393,"href":"https:\/\/www.cardspot.hu\/hu\/wp-json\/wp\/v2\/pages\/256\/revisions\/393"}],"wp:attachment":[{"href":"https:\/\/www.cardspot.hu\/hu\/wp-json\/wp\/v2\/media?parent=256"}],"curies":[{"name":"wp","href":"https:\/\/api.w.org\/{rel}","templated":true}]}}