{"id":248,"date":"2021-07-20T13:11:02","date_gmt":"2021-07-20T13:11:02","guid":{"rendered":"https:\/\/dev.cardspot.hu\/?page_id=248"},"modified":"2021-07-21T09:08:56","modified_gmt":"2021-07-21T09:08:56","slug":"rolunk","status":"publish","type":"page","link":"https:\/\/www.cardspot.hu\/hu\/rolunk\/","title":{"rendered":"R\u00f3lunk"},"content":{"rendered":"\n<h2 class=\"wp-block-heading\">Kibocs\u00e1t\u00f3 vagy elfogad\u00f3?<\/h2>\n\n\n\n<p>A CARDSPOT Kft. seg\u00edt meg\u00e9rteni a k\u00e1rtyat\u00e1rsas\u00e1gi k\u00f6vetelm\u00e9nyeket \u00e9s az \u00fczleti ig\u00e9nyeknek megfelel\u0151en seg\u00edt a technikai megval\u00f3s\u00edt\u00e1sokban.<\/p>\n\n\n\n<p>A CARDSPOT Kft.-t 2018-ban alap\u00edtotta tulajdonosa arra, hogy a fizet\u00e9si ipar sz\u00e1m\u00e1ra hat\u00e9konyabb \u00e9s a k\u00e1rtyat\u00e1rsas\u00e1gi el\u0151\u00edr\u00e1soknak megfelel\u0151 megold\u00e1s\u00e1t seg\u00edtse. Azt l\u00e1ttuk, hogy az \u00fcgyfeleinknek sz\u00fcks\u00e9g\u00fck van m\u00e9ly technikai tud\u00e1son alapul\u00f3 t\u00e1mogat\u00e1sra, amely seg\u00edt nekik az \u00fczleti ig\u00e9nyeknek megfelel\u0151 rendszerek kialak\u00edt\u00e1s\u00e1ban. T\u00f6bb mint 30 \u00e9ves gyakorlattal, a CARDSPOT szak\u00e9rt\u0151i r\u00e9szletes inform\u00e1ci\u00f3val rendelkeznek a k\u00e1rtyatranzakci\u00f3k r\u00e9szleteir\u0151l, a k\u00fcl\u00f6nb\u0151z\u0151 rendszerek konfigur\u00e1l\u00e1s\u00e1r\u00f3l, a fizet\u00e9si \u00e9s elfogad\u00f3 eszk\u00f6z\u00f6k m\u0171k\u00f6d\u00e9s\u00e9r\u0151l \u00e9s a k\u00f6zt\u00fck l\u00e9v\u0151 kommunik\u00e1ci\u00f3s protokollokr\u00f3l. <\/p>\n\n\n\n<h2 class=\"wp-block-heading\">K\u00f6zpontban az \u00fczleti ig\u00e9nyek<\/h2>\n\n\n\n<p>Tud\u00e1sunkkal seg\u00edtj\u00fck \u00fcgyfeleinket az \u00fczleti ig\u00e9nyeken alapul\u00f3 fizet\u00e9si rendszer \u00fczemeltet\u00e9sben. Szolg\u00e1ltat\u00e1saink a hat\u00e9kony m\u0171k\u00f6dtet\u00e9s k\u00f6r\u00e9 \u00e9p\u00fclnek. <a href=\"https:\/\/www.cardspot.hu\/hu\/kovetelmenyek-monitorozasa\/\">Monitorozzuk<\/a> a k\u00e1rtyat\u00e1rsas\u00e1gi k\u00f6vetelm\u00e9nyeket, hogy \u00fcgyfeleink a legkor\u00e1bban reag\u00e1lhassanak az \u00faj elv\u00e1r\u00e1sokra. Seg\u00edtj\u00fck \u00fcgyfeleinket az ig\u00e9nyeiknek megfelel\u0151 technikai specifik\u00e1ci\u00f3kkal, <a href=\"https:\/\/www.cardspot.hu\/hu\/kibocsatoi-tanacsadas\/\">k\u00e1rtyaprofilokkal<\/a>, <a href=\"https:\/\/www.cardspot.hu\/hu\/elfogadoi-tanacsadas\/\">termin\u00e1l<\/a> folyamatokkal \u00e9s a fizet\u00e9si host-ok k\u00f6zti <a href=\"https:\/\/www.cardspot.hu\/hu\/kartyatarsasagi-tudasatadas\/\">kommunik\u00e1ci\u00f3<\/a> r\u00e9szleteinek ismeret\u00e9vel. A tesztel\u00e9sben val\u00f3 r\u00e9szv\u00e9tel\u00fcnkkel \u00e9s a <a href=\"https:\/\/www.cardspot.hu\/hu\/kartyatarsasagi-tanusitasok-certifikaciok\/\">tan\u00fas\u00edt\u00e1si<\/a> (certifik\u00e1ci\u00f3s) szolg\u00e1ltat\u00e1ssal biztos\u00edtjuk a rendszerek megfelel\u0151s\u00e9g\u00e9t. <\/p>\n\n\n\n<figure class=\"wp-block-pullquote is-style-default\"><blockquote><p>B\u00fcszk\u00e9k vagyunk arra, hogy az \u00fcgyfeleink fejleszt\u00e9sei gyorsabban \u00e9s sikeresebben \u00e9rnek v\u00e9get.<\/p><\/blockquote><\/figure>\n","protected":false},"excerpt":{"rendered":"<p>Kibocs\u00e1t\u00f3 vagy elfogad\u00f3? A CARDSPOT Kft. seg\u00edt meg\u00e9rteni a k\u00e1rtyat\u00e1rsas\u00e1gi k\u00f6vetelm\u00e9nyeket \u00e9s az \u00fczleti ig\u00e9nyeknek megfelel\u0151en seg\u00edt a technikai megval\u00f3s\u00edt\u00e1sokban. A CARDSPOT Kft.-t 2018-ban alap\u00edtotta tulajdonosa arra, hogy a fizet\u00e9si ipar sz\u00e1m\u00e1ra hat\u00e9konyabb \u00e9s a k\u00e1rtyat\u00e1rsas\u00e1gi el\u0151\u00edr\u00e1soknak megfelel\u0151 megold\u00e1s\u00e1t seg\u00edtse. Azt l\u00e1ttuk, hogy az \u00fcgyfeleinknek sz\u00fcks\u00e9g\u00fck van m\u00e9ly technikai tud\u00e1son alapul\u00f3 t\u00e1mogat\u00e1sra, amely seg\u00edt nekik [&hellip;]<\/p>\n","protected":false},"author":2,"featured_media":0,"parent":0,"menu_order":0,"comment_status":"closed","ping_status":"closed","template":"","meta":{"_genesis_hide_title":false,"_genesis_hide_breadcrumbs":false,"_genesis_hide_singular_image":false,"_genesis_hide_footer_widgets":false,"_genesis_custom_body_class":"","_genesis_custom_post_class":"","_genesis_layout":"full-width-content","footnotes":""},"class_list":{"0":"post-248","1":"page","2":"type-page","3":"status-publish","5":"entry"},"yoast_head":"<!-- This site is optimized with the Yoast SEO plugin v27.4 - https:\/\/yoast.com\/product\/yoast-seo-wordpress\/ -->\n<title>R\u00f3lunk - Cardspot<\/title>\n<meta name=\"description\" content=\"A CARDSPOT Kft. seg\u00edt meg\u00e9rteni a k\u00e1rtyat\u00e1rsas\u00e1gi k\u00f6vetelm\u00e9nyeket \u00e9s az \u00fczleti ig\u00e9nyeknek megfelel\u0151en seg\u00edt a technikai megval\u00f3s\u00edt\u00e1sokban.\" \/>\n<meta name=\"robots\" content=\"index, follow, max-snippet:-1, max-image-preview:large, max-video-preview:-1\" \/>\n<link rel=\"canonical\" href=\"https:\/\/www.cardspot.hu\/hu\/rolunk\/\" \/>\n<meta property=\"og:locale\" content=\"hu_HU\" \/>\n<meta property=\"og:type\" content=\"article\" \/>\n<meta property=\"og:title\" content=\"R\u00f3lunk - Cardspot\" \/>\n<meta property=\"og:description\" content=\"A CARDSPOT Kft. seg\u00edt meg\u00e9rteni a k\u00e1rtyat\u00e1rsas\u00e1gi k\u00f6vetelm\u00e9nyeket \u00e9s az \u00fczleti ig\u00e9nyeknek megfelel\u0151en seg\u00edt a technikai megval\u00f3s\u00edt\u00e1sokban.\" \/>\n<meta property=\"og:url\" content=\"https:\/\/www.cardspot.hu\/hu\/rolunk\/\" \/>\n<meta property=\"og:site_name\" content=\"Cardspot\" \/>\n<meta property=\"article:modified_time\" content=\"2021-07-21T09:08:56+00:00\" \/>\n<meta name=\"twitter:card\" content=\"summary_large_image\" \/>\n<meta name=\"twitter:label1\" content=\"Becs\u00fclt olvas\u00e1si id\u0151\" \/>\n\t<meta name=\"twitter:data1\" content=\"1 perc\" \/>\n<script type=\"application\/ld+json\" class=\"yoast-schema-graph\">{\"@context\":\"https:\\\/\\\/schema.org\",\"@graph\":[{\"@type\":\"WebPage\",\"@id\":\"https:\\\/\\\/www.cardspot.hu\\\/hu\\\/rolunk\\\/\",\"url\":\"https:\\\/\\\/www.cardspot.hu\\\/hu\\\/rolunk\\\/\",\"name\":\"R\u00f3lunk - Cardspot\",\"isPartOf\":{\"@id\":\"https:\\\/\\\/www.cardspot.hu\\\/#website\"},\"datePublished\":\"2021-07-20T13:11:02+00:00\",\"dateModified\":\"2021-07-21T09:08:56+00:00\",\"description\":\"A CARDSPOT Kft. seg\u00edt meg\u00e9rteni a k\u00e1rtyat\u00e1rsas\u00e1gi k\u00f6vetelm\u00e9nyeket \u00e9s az \u00fczleti ig\u00e9nyeknek megfelel\u0151en seg\u00edt a technikai megval\u00f3s\u00edt\u00e1sokban.\",\"breadcrumb\":{\"@id\":\"https:\\\/\\\/www.cardspot.hu\\\/hu\\\/rolunk\\\/#breadcrumb\"},\"inLanguage\":\"hu\",\"potentialAction\":[{\"@type\":\"ReadAction\",\"target\":[\"https:\\\/\\\/www.cardspot.hu\\\/hu\\\/rolunk\\\/\"]}]},{\"@type\":\"BreadcrumbList\",\"@id\":\"https:\\\/\\\/www.cardspot.hu\\\/hu\\\/rolunk\\\/#breadcrumb\",\"itemListElement\":[{\"@type\":\"ListItem\",\"position\":1,\"name\":\"Kezd\u0151lap\",\"item\":\"https:\\\/\\\/www.cardspot.hu\\\/hu\\\/\"},{\"@type\":\"ListItem\",\"position\":2,\"name\":\"R\u00f3lunk\"}]},{\"@type\":\"WebSite\",\"@id\":\"https:\\\/\\\/www.cardspot.hu\\\/#website\",\"url\":\"https:\\\/\\\/www.cardspot.hu\\\/\",\"name\":\"Cardspot\",\"description\":\"\",\"publisher\":{\"@id\":\"https:\\\/\\\/www.cardspot.hu\\\/#organization\"},\"potentialAction\":[{\"@type\":\"SearchAction\",\"target\":{\"@type\":\"EntryPoint\",\"urlTemplate\":\"https:\\\/\\\/www.cardspot.hu\\\/?s={search_term_string}\"},\"query-input\":{\"@type\":\"PropertyValueSpecification\",\"valueRequired\":true,\"valueName\":\"search_term_string\"}}],\"inLanguage\":\"hu\"},{\"@type\":\"Organization\",\"@id\":\"https:\\\/\\\/www.cardspot.hu\\\/#organization\",\"name\":\"Cardspot\",\"url\":\"https:\\\/\\\/www.cardspot.hu\\\/\",\"logo\":{\"@type\":\"ImageObject\",\"inLanguage\":\"hu\",\"@id\":\"https:\\\/\\\/www.cardspot.hu\\\/#\\\/schema\\\/logo\\\/image\\\/\",\"url\":\"https:\\\/\\\/dev.cardspot.hu\\\/wp-content\\\/uploads\\\/2021\\\/07\\\/CARDSPOT.png\",\"contentUrl\":\"https:\\\/\\\/dev.cardspot.hu\\\/wp-content\\\/uploads\\\/2021\\\/07\\\/CARDSPOT.png\",\"width\":531,\"height\":304,\"caption\":\"Cardspot\"},\"image\":{\"@id\":\"https:\\\/\\\/www.cardspot.hu\\\/#\\\/schema\\\/logo\\\/image\\\/\"}}]}<\/script>\n<!-- \/ Yoast SEO plugin. -->","yoast_head_json":{"title":"R\u00f3lunk - Cardspot","description":"A CARDSPOT Kft. seg\u00edt meg\u00e9rteni a k\u00e1rtyat\u00e1rsas\u00e1gi k\u00f6vetelm\u00e9nyeket \u00e9s az \u00fczleti ig\u00e9nyeknek megfelel\u0151en seg\u00edt a technikai megval\u00f3s\u00edt\u00e1sokban.","robots":{"index":"index","follow":"follow","max-snippet":"max-snippet:-1","max-image-preview":"max-image-preview:large","max-video-preview":"max-video-preview:-1"},"canonical":"https:\/\/www.cardspot.hu\/hu\/rolunk\/","og_locale":"hu_HU","og_type":"article","og_title":"R\u00f3lunk - Cardspot","og_description":"A CARDSPOT Kft. seg\u00edt meg\u00e9rteni a k\u00e1rtyat\u00e1rsas\u00e1gi k\u00f6vetelm\u00e9nyeket \u00e9s az \u00fczleti ig\u00e9nyeknek megfelel\u0151en seg\u00edt a technikai megval\u00f3s\u00edt\u00e1sokban.","og_url":"https:\/\/www.cardspot.hu\/hu\/rolunk\/","og_site_name":"Cardspot","article_modified_time":"2021-07-21T09:08:56+00:00","twitter_card":"summary_large_image","twitter_misc":{"Becs\u00fclt olvas\u00e1si id\u0151":"1 perc"},"schema":{"@context":"https:\/\/schema.org","@graph":[{"@type":"WebPage","@id":"https:\/\/www.cardspot.hu\/hu\/rolunk\/","url":"https:\/\/www.cardspot.hu\/hu\/rolunk\/","name":"R\u00f3lunk - Cardspot","isPartOf":{"@id":"https:\/\/www.cardspot.hu\/#website"},"datePublished":"2021-07-20T13:11:02+00:00","dateModified":"2021-07-21T09:08:56+00:00","description":"A CARDSPOT Kft. seg\u00edt meg\u00e9rteni a k\u00e1rtyat\u00e1rsas\u00e1gi k\u00f6vetelm\u00e9nyeket \u00e9s az \u00fczleti ig\u00e9nyeknek megfelel\u0151en seg\u00edt a technikai megval\u00f3s\u00edt\u00e1sokban.","breadcrumb":{"@id":"https:\/\/www.cardspot.hu\/hu\/rolunk\/#breadcrumb"},"inLanguage":"hu","potentialAction":[{"@type":"ReadAction","target":["https:\/\/www.cardspot.hu\/hu\/rolunk\/"]}]},{"@type":"BreadcrumbList","@id":"https:\/\/www.cardspot.hu\/hu\/rolunk\/#breadcrumb","itemListElement":[{"@type":"ListItem","position":1,"name":"Kezd\u0151lap","item":"https:\/\/www.cardspot.hu\/hu\/"},{"@type":"ListItem","position":2,"name":"R\u00f3lunk"}]},{"@type":"WebSite","@id":"https:\/\/www.cardspot.hu\/#website","url":"https:\/\/www.cardspot.hu\/","name":"Cardspot","description":"","publisher":{"@id":"https:\/\/www.cardspot.hu\/#organization"},"potentialAction":[{"@type":"SearchAction","target":{"@type":"EntryPoint","urlTemplate":"https:\/\/www.cardspot.hu\/?s={search_term_string}"},"query-input":{"@type":"PropertyValueSpecification","valueRequired":true,"valueName":"search_term_string"}}],"inLanguage":"hu"},{"@type":"Organization","@id":"https:\/\/www.cardspot.hu\/#organization","name":"Cardspot","url":"https:\/\/www.cardspot.hu\/","logo":{"@type":"ImageObject","inLanguage":"hu","@id":"https:\/\/www.cardspot.hu\/#\/schema\/logo\/image\/","url":"https:\/\/dev.cardspot.hu\/wp-content\/uploads\/2021\/07\/CARDSPOT.png","contentUrl":"https:\/\/dev.cardspot.hu\/wp-content\/uploads\/2021\/07\/CARDSPOT.png","width":531,"height":304,"caption":"Cardspot"},"image":{"@id":"https:\/\/www.cardspot.hu\/#\/schema\/logo\/image\/"}}]}},"featured_image_src":null,"featured_image_src_square":null,"_links":{"self":[{"href":"https:\/\/www.cardspot.hu\/hu\/wp-json\/wp\/v2\/pages\/248","targetHints":{"allow":["GET"]}}],"collection":[{"href":"https:\/\/www.cardspot.hu\/hu\/wp-json\/wp\/v2\/pages"}],"about":[{"href":"https:\/\/www.cardspot.hu\/hu\/wp-json\/wp\/v2\/types\/page"}],"author":[{"embeddable":true,"href":"https:\/\/www.cardspot.hu\/hu\/wp-json\/wp\/v2\/users\/2"}],"replies":[{"embeddable":true,"href":"https:\/\/www.cardspot.hu\/hu\/wp-json\/wp\/v2\/comments?post=248"}],"version-history":[{"count":2,"href":"https:\/\/www.cardspot.hu\/hu\/wp-json\/wp\/v2\/pages\/248\/revisions"}],"predecessor-version":[{"id":387,"href":"https:\/\/www.cardspot.hu\/hu\/wp-json\/wp\/v2\/pages\/248\/revisions\/387"}],"wp:attachment":[{"href":"https:\/\/www.cardspot.hu\/hu\/wp-json\/wp\/v2\/media?parent=248"}],"curies":[{"name":"wp","href":"https:\/\/api.w.org\/{rel}","templated":true}]}}